{"id":7767,"date":"2021-04-07T21:35:50","date_gmt":"2021-04-07T21:35:50","guid":{"rendered":"http:\/\/miami-airport-transportation.vip\/?page_id=7767"},"modified":"2025-10-31T21:17:07","modified_gmt":"2025-11-01T01:17:07","slug":"condiciones-generales","status":"publish","type":"page","link":"http:\/\/miami-airport-transportation.vip\/es\/terms-and-conditions\/","title":{"rendered":"Condiciones generales"},"content":{"rendered":"<p data-start=\"0\" data-end=\"203\">Aqu\u00ed tienes el <strong data-start=\"32\" data-end=\"68\">documento completo y actualizado<\/strong>, con la cl\u00e1usula incorporada correctamente en el punto 2 (Pagos y Cancelaciones) y manteniendo el formato profesional original:<\/p>\n<hr data-start=\"205\" data-end=\"208\" \/>\n<p data-start=\"210\" data-end=\"306\"><strong data-start=\"210\" data-end=\"275\">T\u00e9rminos y Condiciones - Miami Beach Tours and Services ACS LLC<\/strong><br data-start=\"275\" data-end=\"278\" \/><strong data-start=\"278\" data-end=\"306\">\u00daltima actualizaci\u00f3n: 01\/01\/2025<\/strong><\/p>\n<p data-start=\"308\" data-end=\"539\">Al utilizar los servicios de Miami Beach Tours and Services ACS LLC, usted acepta los siguientes t\u00e9rminos y condiciones. Por favor lea esta informaci\u00f3n cuidadosamente. Si no est\u00e1 de acuerdo con estos t\u00e9rminos, por favor abst\u00e9ngase de utilizar nuestros servicios.<\/p>\n<hr data-start=\"541\" data-end=\"544\" \/>\n<h3 data-start=\"546\" data-end=\"576\">1. Servicios de transporte<\/h3>\n<p data-start=\"578\" data-end=\"967\">Miami Beach Tours y Servicios ACS LLC ofrece transporte privado y compartido desde y hacia varios destinos, incluyendo pero no limitado al Aeropuerto de Miami, Puerto de Miami, Key West, Sawgrass Mills Mall, y otros destinos tur\u00edsticos en Miami y sus alrededores. Adem\u00e1s, ofrecemos servicios de transporte de pasajeros y servicios de limusinas de lujo para clientes que buscan comodidad y exclusividad.<\/p>\n<p data-start=\"969\" data-end=\"1471\">En algunos casos, Miami Beach Tours and Services ACS LLC subcontrata servicios de terceros o contrata veh\u00edculos para servicios privados con proveedores de confianza para garantizar una experiencia perfecta y de alta calidad. Estos proveedores son directamente responsables de la seguridad y el estado del veh\u00edculo, as\u00ed como de la obtenci\u00f3n de los permisos y seguros necesarios para operar. Miami Beach Tours and Services ACS LLC no se hace responsable de los servicios prestados por terceros, ni de los inconvenientes derivados de los mismos.<\/p>\n<p data-start=\"1473\" data-end=\"1795\">Miami Beach Tours and Services ACS LLC est\u00e1 debidamente registrada y autorizada bajo los permisos de Servicios de Transporte de Pasajeros y Servicios de Limusina, as\u00ed como de Vendedor de Viajes (FLA. SELLER OF TRAVEL REF. NO. ST43041), lo que le permite ofrecer tanto servicios de transporte privado como paquetes tur\u00edsticos coordinados de terceros.<\/p>\n<hr data-start=\"1797\" data-end=\"1800\" \/>\n<h3 data-start=\"1802\" data-end=\"1835\">2. Pagos y anulaciones<\/h3>\n<p data-start=\"1837\" data-end=\"2098\"><strong data-start=\"1837\" data-end=\"1850\">Pagos:<\/strong> El servicio debe pagarse en su totalidad antes de que se preste el servicio, a menos que existan acuerdos espec\u00edficos que permitan el pago parcial. En algunos casos, 30% o 50% del pago total deben abonarse en efectivo al conductor, especialmente en el caso de los servicios de transporte privado.<\/p>\n<p data-start=\"2100\" data-end=\"2470\"><strong data-start=\"2100\" data-end=\"2117\">Servicios de autob\u00fas:<\/strong> Para los servicios de autobuses ch\u00e1rter, se requiere un dep\u00f3sito de 50% en el momento de la reserva para garantizar la misma. El saldo restante de 50% deber\u00e1 abonarse a m\u00e1s tardar siete (7) d\u00edas antes de la fecha del servicio. Debido a la gran demanda operativa y de programaci\u00f3n de los servicios de autob\u00fas, las cancelaciones realizadas con menos de siete (7) d\u00edas de antelaci\u00f3n a la fecha del servicio no son reembolsables.<\/p>\n<p data-start=\"2472\" data-end=\"2862\"><strong data-start=\"2472\" data-end=\"2512\">Servicios de ch\u00f3fer de lujo o por horas:<\/strong> Para veh\u00edculos de lujo, veh\u00edculos especiales o servicios de ch\u00f3fer por horas, las cancelaciones deben realizarse con un m\u00ednimo de setenta y dos (72) horas de antelaci\u00f3n para recibir un reembolso completo. Si la cancelaci\u00f3n se realiza en un plazo inferior, no se aplicar\u00e1 ning\u00fan reembolso, ya que el veh\u00edculo y el conductor se reservan exclusivamente para el cliente y no pueden reasignarse a otros servicios.<\/p>\n<p data-start=\"2864\" data-end=\"3075\"><strong data-start=\"2864\" data-end=\"2896\">Pol\u00edtica general de cancelaci\u00f3n:<\/strong> Las cancelaciones de otros servicios pueden realizarse hasta setenta y dos (72) horas antes de la fecha del servicio sin penalizaci\u00f3n. Las cancelaciones realizadas despu\u00e9s de este per\u00edodo no recibir\u00e1n ning\u00fan reembolso.<\/p>\n<hr data-start=\"3077\" data-end=\"3080\" \/>\n<h3 data-start=\"3082\" data-end=\"3108\">3. Responsabilidad del usuario<\/h3>\n<p data-start=\"3110\" data-end=\"3401\">El pasajero es responsable de proporcionar informaci\u00f3n precisa durante el proceso de reserva, incluyendo las direcciones de recogida, horarios de vuelo, y el n\u00famero de pasajeros. Miami Beach Tours and Services ACS LLC no se hace responsable de los errores causados por informaci\u00f3n incorrecta proporcionada por el cliente.<\/p>\n<p data-start=\"3403\" data-end=\"3603\">En el caso de servicios privados, el pasajero es responsable de pagar directamente al conductor cualquier cargo adicional relacionado con cambios o servicios adicionales no especificados en la reserva original.<\/p>\n<hr data-start=\"3605\" data-end=\"3608\" \/>\n<h3 data-start=\"3610\" data-end=\"3637\">4. Conductores y veh\u00edculos<\/h3>\n<p data-start=\"3639\" data-end=\"4025\">Los veh\u00edculos utilizados para el transporte son de alta calidad y se mantienen en excelentes condiciones. Miami Beach Tours and Services ACS LLC utiliza ocasionalmente veh\u00edculos subcontratados por terceros o veh\u00edculos contratados espec\u00edficamente para servicios privados, los cuales son directamente responsables de la seguridad y el estado del veh\u00edculo, as\u00ed como de contar con los permisos y seguros necesarios para operar.<\/p>\n<p data-start=\"4027\" data-end=\"4190\">Miami Beach Tours and Services ACS LLC no verifica ni asume ninguna responsabilidad por los permisos, licencias o seguros de los conductores subcontratados o contratados.<\/p>\n<hr data-start=\"4192\" data-end=\"4195\" \/>\n<h3 data-start=\"4197\" data-end=\"4227\">5. 5. Limitaci\u00f3n de responsabilidad<\/h3>\n<p data-start=\"4229\" data-end=\"4547\">Miami Beach Tours and Services ACS LLC no se hace responsable de cualquier incidente, accidente, da\u00f1o, p\u00e9rdida, robo o lesi\u00f3n que ocurra durante el servicio, excepto en los casos en que la responsabilidad recae directamente en Miami Beach Tours and Services ACS LLC o sus empleados. Esto incluye situaciones fuera de nuestro control, tales como:<\/p>\n<ul data-start=\"4549\" data-end=\"4769\">\n<li data-start=\"4549\" data-end=\"4600\">\n<p data-start=\"4551\" data-end=\"4600\">Accidentes o da\u00f1os ocurridos durante el viaje.<\/p>\n<\/li>\n<li data-start=\"4601\" data-end=\"4672\">\n<p data-start=\"4603\" data-end=\"4672\">P\u00e9rdidas relacionadas con actividades o servicios prestados por terceros.<\/p>\n<\/li>\n<li data-start=\"4673\" data-end=\"4769\">\n<p data-start=\"4675\" data-end=\"4769\">Retrasos o cambios en el itinerario debidos a condiciones meteorol\u00f3gicas, tr\u00e1fico o acciones de terceros.<\/p>\n<\/li>\n<\/ul>\n<hr data-start=\"4771\" data-end=\"4774\" \/>\n<h3 data-start=\"4776\" data-end=\"4802\">6. 6. Servicios adicionales<\/h3>\n<p data-start=\"4804\" data-end=\"5070\">Servicios adicionales como Meet and Greet, asientos para ni\u00f1os u otros extras deben ser solicitados y pagados en el momento de la reserva. Miami Beach Tours and Services ACS LLC coordina estos servicios pero no es responsable de cambios o fallos por parte de terceros proveedores.<\/p>\n<hr data-start=\"5072\" data-end=\"5075\" \/>\n<h3 data-start=\"5077\" data-end=\"5124\">7. Subcontrataci\u00f3n y terceros proveedores<\/h3>\n<p data-start=\"5126\" data-end=\"5595\">En algunos casos, Miami Beach Tours and Services ACS LLC puede subcontratar partes de los servicios a terceros proveedores o contratar veh\u00edculos adicionales para servicios privados. Estos proveedores son directamente responsables de la prestaci\u00f3n de sus servicios y deben cumplir con todas las regulaciones aplicables de la Florida en vigor para 2025. Miami Beach Tours and Services ACS LLC no se hace responsable de los servicios subcontratados, ni de cualquier da\u00f1o, retraso o mal funcionamiento causado por terceros.<\/p>\n<p data-start=\"5597\" data-end=\"5993\">Los proveedores de terceros que prestan servicios para Miami Beach Tours and Services ACS LLC incluyen pero no se limitan a las empresas de transporte, gu\u00edas tur\u00edsticos y proveedores de actividades. Miami Beach Tours and Services ACS LLC se asegura de que estos proveedores tengan los permisos, licencias y seguros necesarios de acuerdo con la ley de Florida, pero no asume ninguna responsabilidad por cualquier da\u00f1o causado por sus acciones.<\/p>\n<hr data-start=\"5995\" data-end=\"5998\" \/>\n<h3 data-start=\"6000\" data-end=\"6043\">8. Ley aplicable y resoluci\u00f3n de litigios<\/h3>\n<p data-start=\"6045\" data-end=\"6241\">Este contrato se regir\u00e1 e interpretar\u00e1 de acuerdo con las leyes del Estado de Florida, EE.UU., y cualquier disputa se resolver\u00e1 en los tribunales correspondientes del Condado de Miami-Dade, Florida.<\/p>\n<hr data-start=\"6243\" data-end=\"6246\" \/>\n<h3 data-start=\"6248\" data-end=\"6275\">9. Privacidad y seguridad<\/h3>\n<p data-start=\"6277\" data-end=\"6589\">Miami Beach Tours and Services ACS LLC se compromete a proteger su privacidad. Los datos personales proporcionados durante el proceso de reserva se utilizar\u00e1n \u00fanicamente para gestionar la reserva y garantizar un servicio adecuado. Miami Beach Tours and Services ACS LLC no compartir\u00e1 ni vender\u00e1 ninguna informaci\u00f3n personal a terceros.<\/p>\n<hr data-start=\"6591\" data-end=\"6594\" \/>\n<p data-start=\"6596\" data-end=\"6872\"><strong data-start=\"6596\" data-end=\"6694\">Gracias por elegir Miami Beach Tours and Services ACS LLC para su servicio de transporte.<\/strong><br data-start=\"6694\" data-end=\"6697\" \/>Nos esforzamos por ofrecerle una experiencia de calidad y garantizar que su viaje sea lo m\u00e1s c\u00f3modo y seguro posible. Si tiene alguna pregunta o duda, no dude en ponerse en contacto con nosotros.<\/p>\n<p>Correo electr\u00f3nico: management@miami- beach.tours<br \/>\nTel: +1 (786) 308 0786<br \/>\nMiami Beach, FL.<\/p>","protected":false},"excerpt":{"rendered":"<p>Aqu\u00ed tienes el documento completo y actualizado, con la cl\u00e1usula incorporada correctamente en el punto 2 (Payments and Cancellations) y manteniendo el formato profesional original: Terms and Conditions \u2013 Miami Beach Tours and Services ACS LLCLast Updated: 01\/01\/2025 By using the services of Miami Beach Tours and Services ACS LLC, you agree to the following [&hellip;]<\/p>\n","protected":false},"author":2,"featured_media":0,"parent":0,"menu_order":0,"comment_status":"closed","ping_status":"closed","template":"","meta":{"footnotes":""},"class_list":["post-7767","page","type-page","status-publish","hentry"],"yoast_head":"<!-- This site is optimized with the Yoast SEO plugin v27.5 - https:\/\/yoast.com\/product\/yoast-seo-wordpress\/ -->\n<title>Terms and conditions<\/title>\n<meta name=\"description\" content=\"Terms and conditions\" \/>\n<meta name=\"robots\" content=\"noindex, nofollow\" \/>\n<meta property=\"og:locale\" content=\"es_ES\" \/>\n<meta property=\"og:type\" content=\"article\" \/>\n<meta property=\"og:title\" content=\"Terms and conditions\" \/>\n<meta property=\"og:description\" content=\"Terms and conditions\" \/>\n<meta property=\"og:url\" content=\"https:\/\/miami-airport-transportation.vip\/es\/condiciones-generales\/\" \/>\n<meta property=\"og:site_name\" content=\"Miami Airport Transportation\" \/>\n<meta property=\"article:publisher\" content=\"https:\/\/www.facebook.com\/miamibeachtoursacs\/\" \/>\n<meta property=\"article:modified_time\" content=\"2025-11-01T01:17:07+00:00\" \/>\n<meta name=\"twitter:card\" content=\"summary_large_image\" \/>\n<script type=\"application\/ld+json\" class=\"yoast-schema-graph\">{\"@context\":\"https:\\\/\\\/schema.org\",\"@graph\":[{\"@type\":\"WebPage\",\"@id\":\"https:\\\/\\\/miami-airport-transportation.vip\\\/pt\\\/terms-and-conditions\\\/\",\"url\":\"https:\\\/\\\/miami-airport-transportation.vip\\\/pt\\\/terms-and-conditions\\\/\",\"name\":\"Terms and conditions\",\"isPartOf\":{\"@id\":\"https:\\\/\\\/miami-airport-transportation.vip\\\/#website\"},\"datePublished\":\"2021-04-07T21:35:50+00:00\",\"dateModified\":\"2025-11-01T01:17:07+00:00\",\"description\":\"Terms and conditions\",\"breadcrumb\":{\"@id\":\"https:\\\/\\\/miami-airport-transportation.vip\\\/pt\\\/terms-and-conditions\\\/#breadcrumb\"},\"inLanguage\":\"es\",\"potentialAction\":[{\"@type\":\"ReadAction\",\"target\":[\"https:\\\/\\\/miami-airport-transportation.vip\\\/pt\\\/terms-and-conditions\\\/\"]}]},{\"@type\":\"BreadcrumbList\",\"@id\":\"https:\\\/\\\/miami-airport-transportation.vip\\\/pt\\\/terms-and-conditions\\\/#breadcrumb\",\"itemListElement\":[{\"@type\":\"ListItem\",\"position\":1,\"name\":\"Portada\",\"item\":\"https:\\\/\\\/miami-airport-transportation.vip\\\/\"},{\"@type\":\"ListItem\",\"position\":2,\"name\":\"Terms and conditions\"}]},{\"@type\":\"WebSite\",\"@id\":\"https:\\\/\\\/miami-airport-transportation.vip\\\/#website\",\"url\":\"https:\\\/\\\/miami-airport-transportation.vip\\\/\",\"name\":\"Miami Airport Private Transportation\",\"description\":\"Miami Airport Transfer\",\"publisher\":{\"@id\":\"https:\\\/\\\/miami-airport-transportation.vip\\\/#organization\"},\"potentialAction\":[{\"@type\":\"SearchAction\",\"target\":{\"@type\":\"EntryPoint\",\"urlTemplate\":\"https:\\\/\\\/miami-airport-transportation.vip\\\/?s={search_term_string}\"},\"query-input\":{\"@type\":\"PropertyValueSpecification\",\"valueRequired\":true,\"valueName\":\"search_term_string\"}}],\"inLanguage\":\"es\"},{\"@type\":\"Organization\",\"@id\":\"https:\\\/\\\/miami-airport-transportation.vip\\\/#organization\",\"name\":\"Golden Ride Miami\",\"url\":\"https:\\\/\\\/miami-airport-transportation.vip\\\/\",\"logo\":{\"@type\":\"ImageObject\",\"inLanguage\":\"es\",\"@id\":\"https:\\\/\\\/miami-airport-transportation.vip\\\/#\\\/schema\\\/logo\\\/image\\\/\",\"url\":\"https:\\\/\\\/miami-airport-transportation.vip\\\/wp-content\\\/uploads\\\/2025\\\/09\\\/Golden-Ride-Miami-Logo.jpg\",\"contentUrl\":\"https:\\\/\\\/miami-airport-transportation.vip\\\/wp-content\\\/uploads\\\/2025\\\/09\\\/Golden-Ride-Miami-Logo.jpg\",\"width\":506,\"height\":504,\"caption\":\"Golden Ride Miami\"},\"image\":{\"@id\":\"https:\\\/\\\/miami-airport-transportation.vip\\\/#\\\/schema\\\/logo\\\/image\\\/\"},\"sameAs\":[\"https:\\\/\\\/www.facebook.com\\\/miamibeachtoursacs\\\/\",\"https:\\\/\\\/www.instagram.com\\\/miamibeachtoursacs\"]}]}<\/script>\n<!-- \/ Yoast SEO plugin. -->","yoast_head_json":{"title":"Condiciones generales","description":"Condiciones generales","robots":{"index":"noindex","follow":"nofollow"},"og_locale":"es_ES","og_type":"article","og_title":"Terms and conditions","og_description":"Terms and conditions","og_url":"https:\/\/miami-airport-transportation.vip\/es\/condiciones-generales\/","og_site_name":"Miami Airport Transportation","article_publisher":"https:\/\/www.facebook.com\/miamibeachtoursacs\/","article_modified_time":"2025-11-01T01:17:07+00:00","twitter_card":"summary_large_image","schema":{"@context":"https:\/\/schema.org","@graph":[{"@type":"WebPage","@id":"https:\/\/miami-airport-transportation.vip\/pt\/terms-and-conditions\/","url":"https:\/\/miami-airport-transportation.vip\/pt\/terms-and-conditions\/","name":"Condiciones generales","isPartOf":{"@id":"https:\/\/miami-airport-transportation.vip\/#website"},"datePublished":"2021-04-07T21:35:50+00:00","dateModified":"2025-11-01T01:17:07+00:00","description":"Condiciones generales","breadcrumb":{"@id":"https:\/\/miami-airport-transportation.vip\/pt\/terms-and-conditions\/#breadcrumb"},"inLanguage":"es","potentialAction":[{"@type":"ReadAction","target":["https:\/\/miami-airport-transportation.vip\/pt\/terms-and-conditions\/"]}]},{"@type":"BreadcrumbList","@id":"https:\/\/miami-airport-transportation.vip\/pt\/terms-and-conditions\/#breadcrumb","itemListElement":[{"@type":"ListItem","position":1,"name":"Portada","item":"https:\/\/miami-airport-transportation.vip\/"},{"@type":"ListItem","position":2,"name":"Terms and conditions"}]},{"@type":"WebSite","@id":"https:\/\/miami-airport-transportation.vip\/#website","url":"https:\/\/miami-airport-transportation.vip\/","name":"Transporte privado al aeropuerto de Miami","description":"Traslado Aeropuerto Miami","publisher":{"@id":"https:\/\/miami-airport-transportation.vip\/#organization"},"potentialAction":[{"@type":"SearchAction","target":{"@type":"EntryPoint","urlTemplate":"https:\/\/miami-airport-transportation.vip\/?s={search_term_string}"},"query-input":{"@type":"PropertyValueSpecification","valueRequired":true,"valueName":"search_term_string"}}],"inLanguage":"es"},{"@type":"Organization","@id":"https:\/\/miami-airport-transportation.vip\/#organization","name":"Golden Ride Miami","url":"https:\/\/miami-airport-transportation.vip\/","logo":{"@type":"ImageObject","inLanguage":"es","@id":"https:\/\/miami-airport-transportation.vip\/#\/schema\/logo\/image\/","url":"https:\/\/miami-airport-transportation.vip\/wp-content\/uploads\/2025\/09\/Golden-Ride-Miami-Logo.jpg","contentUrl":"https:\/\/miami-airport-transportation.vip\/wp-content\/uploads\/2025\/09\/Golden-Ride-Miami-Logo.jpg","width":506,"height":504,"caption":"Golden Ride Miami"},"image":{"@id":"https:\/\/miami-airport-transportation.vip\/#\/schema\/logo\/image\/"},"sameAs":["https:\/\/www.facebook.com\/miamibeachtoursacs\/","https:\/\/www.instagram.com\/miamibeachtoursacs"]}]}},"_links":{"self":[{"href":"http:\/\/miami-airport-transportation.vip\/es\/wp-json\/wp\/v2\/pages\/7767","targetHints":{"allow":["GET"]}}],"collection":[{"href":"http:\/\/miami-airport-transportation.vip\/es\/wp-json\/wp\/v2\/pages"}],"about":[{"href":"http:\/\/miami-airport-transportation.vip\/es\/wp-json\/wp\/v2\/types\/page"}],"author":[{"embeddable":true,"href":"http:\/\/miami-airport-transportation.vip\/es\/wp-json\/wp\/v2\/users\/2"}],"replies":[{"embeddable":true,"href":"http:\/\/miami-airport-transportation.vip\/es\/wp-json\/wp\/v2\/comments?post=7767"}],"version-history":[{"count":7,"href":"http:\/\/miami-airport-transportation.vip\/es\/wp-json\/wp\/v2\/pages\/7767\/revisions"}],"predecessor-version":[{"id":12063,"href":"http:\/\/miami-airport-transportation.vip\/es\/wp-json\/wp\/v2\/pages\/7767\/revisions\/12063"}],"wp:attachment":[{"href":"http:\/\/miami-airport-transportation.vip\/es\/wp-json\/wp\/v2\/media?parent=7767"}],"curies":[{"name":"wp","href":"https:\/\/api.w.org\/{rel}","templated":true}]}}