{"id":7767,"date":"2021-04-07T21:35:50","date_gmt":"2021-04-07T21:35:50","guid":{"rendered":"http:\/\/miami-airport-transportation.vip\/?page_id=7767"},"modified":"2025-10-31T21:17:07","modified_gmt":"2025-11-01T01:17:07","slug":"termos-e-condicoes","status":"publish","type":"page","link":"http:\/\/miami-airport-transportation.vip\/pt\/terms-and-conditions\/","title":{"rendered":"Termos e condi\u00e7\u00f5es"},"content":{"rendered":"<p data-start=\"0\" data-end=\"203\">Aqui voc\u00ea encontra o <strong data-start=\"32\" data-end=\"68\">documento completo e atualizado<\/strong>, O formul\u00e1rio de inscri\u00e7\u00e3o deve ser preenchido, com a cl\u00e1usula incorporada corretamente no ponto 2 (Pagamentos e cancelamentos) e mantendo o formato profissional original:<\/p>\n<hr data-start=\"205\" data-end=\"208\" \/>\n<p data-start=\"210\" data-end=\"306\"><strong data-start=\"210\" data-end=\"275\">Termos e condi\u00e7\u00f5es - Miami Beach Tours and Services ACS LLC<\/strong><br data-start=\"275\" data-end=\"278\" \/><strong data-start=\"278\" data-end=\"306\">\u00daltima atualiza\u00e7\u00e3o: 01\/01\/2025<\/strong><\/p>\n<p data-start=\"308\" data-end=\"539\">Ao utilizar os servi\u00e7os da Miami Beach Tours and Services ACS LLC, voc\u00ea concorda com os seguintes termos e condi\u00e7\u00f5es. Leia essas informa\u00e7\u00f5es com aten\u00e7\u00e3o. Se n\u00e3o concordar com esses termos, n\u00e3o utilize nossos servi\u00e7os.<\/p>\n<hr data-start=\"541\" data-end=\"544\" \/>\n<h3 data-start=\"546\" data-end=\"576\">1. Servi\u00e7os de transporte<\/h3>\n<p data-start=\"578\" data-end=\"967\">Miami Beach Tours and Services A ACS LLC oferece transporte particular e compartilhado de e para v\u00e1rios destinos, incluindo, entre outros, o Aeroporto de Miami, o Porto de Miami, Key West, Sawgrass Mills Mall e outros destinos tur\u00edsticos em Miami e arredores. Al\u00e9m disso, oferecemos servi\u00e7os de transporte de passageiros e servi\u00e7os de limusine de luxo para clientes que buscam conforto e exclusividade.<\/p>\n<p data-start=\"969\" data-end=\"1471\">Em alguns casos, a Miami Beach Tours and Services ACS LLC subcontrata servi\u00e7os de terceiros ou contrata ve\u00edculos para servi\u00e7os particulares com fornecedores confi\u00e1veis para garantir uma experi\u00eancia perfeita e de alta qualidade. Esses fornecedores s\u00e3o diretamente respons\u00e1veis pela seguran\u00e7a e pelas condi\u00e7\u00f5es do ve\u00edculo, bem como pela obten\u00e7\u00e3o das permiss\u00f5es e do seguro necess\u00e1rios para operar. A Miami Beach Tours and Services ACS LLC n\u00e3o se responsabiliza pelos servi\u00e7os prestados por terceiros, nem por quaisquer inconvenientes decorrentes dos mesmos.<\/p>\n<p data-start=\"1473\" data-end=\"1795\">A Miami Beach Tours and Services ACS LLC est\u00e1 devidamente registrada e autorizada sob as licen\u00e7as de Servi\u00e7os de Transporte de Passageiros e Servi\u00e7os de Limusine, al\u00e9m de ser uma Vendedora de Viagens (FLA. SELLER OF TRAVEL REF. NO. ST43041), o que lhe permite oferecer servi\u00e7os de transporte particular e pacotes tur\u00edsticos coordenados por terceiros.<\/p>\n<hr data-start=\"1797\" data-end=\"1800\" \/>\n<h3 data-start=\"1802\" data-end=\"1835\">2. Pagamentos e cancelamentos<\/h3>\n<p data-start=\"1837\" data-end=\"2098\"><strong data-start=\"1837\" data-end=\"1850\">Pagamentos:<\/strong> O servi\u00e7o deve ser pago integralmente antes de ser prestado, a menos que acordos espec\u00edficos permitam o pagamento parcial. Em alguns casos, 30% ou 50% do pagamento total devem ser pagos em dinheiro ao motorista, especialmente para servi\u00e7os de transporte particular.<\/p>\n<p data-start=\"2100\" data-end=\"2470\"><strong data-start=\"2100\" data-end=\"2117\">Servi\u00e7os de \u00f4nibus:<\/strong> Para servi\u00e7os de \u00f4nibus fretados, um dep\u00f3sito de 50% \u00e9 exigido no momento da reserva para garantir a reserva. O saldo restante de 50% deve ser pago at\u00e9 sete (7) dias antes da data do servi\u00e7o. Devido \u00e0 alta demanda operacional e de programa\u00e7\u00e3o dos servi\u00e7os de \u00f4nibus, os cancelamentos feitos com menos de sete (7) dias de anteced\u00eancia da data do servi\u00e7o n\u00e3o s\u00e3o reembols\u00e1veis.<\/p>\n<p data-start=\"2472\" data-end=\"2862\"><strong data-start=\"2472\" data-end=\"2512\">Servi\u00e7os de motorista de luxo ou por hora:<\/strong> Para ve\u00edculos de luxo, ve\u00edculos especiais ou servi\u00e7os de motorista por hora, os cancelamentos devem ser feitos com pelo menos 72 (setenta e duas) horas de anteced\u00eancia para receber o reembolso integral. Se o cancelamento for feito em um per\u00edodo mais curto, n\u00e3o haver\u00e1 reembolso, pois o ve\u00edculo e o motorista s\u00e3o reservados exclusivamente para o cliente e n\u00e3o podem ser reatribu\u00eddos a outros servi\u00e7os.<\/p>\n<p data-start=\"2864\" data-end=\"3075\"><strong data-start=\"2864\" data-end=\"2896\">Pol\u00edtica geral de cancelamento:<\/strong> Os cancelamentos de outros servi\u00e7os podem ser feitos at\u00e9 72 (setenta e duas) horas antes da data do servi\u00e7o sem penalidade. Os cancelamentos feitos ap\u00f3s esse per\u00edodo n\u00e3o receber\u00e3o reembolso.<\/p>\n<hr data-start=\"3077\" data-end=\"3080\" \/>\n<h3 data-start=\"3082\" data-end=\"3108\">3. Responsabilidade do usu\u00e1rio<\/h3>\n<p data-start=\"3110\" data-end=\"3401\">O passageiro \u00e9 respons\u00e1vel por fornecer informa\u00e7\u00f5es precisas durante o processo de reserva, incluindo endere\u00e7os de embarque, hor\u00e1rios de voos e o n\u00famero de passageiros. A Miami Beach Tours and Services ACS LLC n\u00e3o \u00e9 respons\u00e1vel por erros causados por informa\u00e7\u00f5es incorretas fornecidas pelo cliente.<\/p>\n<p data-start=\"3403\" data-end=\"3603\">No caso de servi\u00e7os privados, o passageiro \u00e9 respons\u00e1vel por pagar diretamente ao motorista por quaisquer encargos adicionais relacionados a altera\u00e7\u00f5es ou servi\u00e7os adicionais n\u00e3o especificados na reserva original.<\/p>\n<hr data-start=\"3605\" data-end=\"3608\" \/>\n<h3 data-start=\"3610\" data-end=\"3637\">4. Motoristas e ve\u00edculos<\/h3>\n<p data-start=\"3639\" data-end=\"4025\">Os ve\u00edculos utilizados para o transporte s\u00e3o de alta qualidade e mantidos em excelentes condi\u00e7\u00f5es. O Miami Beach Tours and Services ACS LLC ocasionalmente usa ve\u00edculos subcontratados de terceiros ou ve\u00edculos contratados especificamente para servi\u00e7os particulares, que s\u00e3o diretamente respons\u00e1veis pela seguran\u00e7a e pelas condi\u00e7\u00f5es do ve\u00edculo, al\u00e9m de terem as permiss\u00f5es e o seguro necess\u00e1rios para operar.<\/p>\n<p data-start=\"4027\" data-end=\"4190\">A Miami Beach Tours and Services ACS LLC n\u00e3o verifica nem assume qualquer responsabilidade pelas autoriza\u00e7\u00f5es, licen\u00e7as ou seguros de motoristas subcontratados ou contratados.<\/p>\n<hr data-start=\"4192\" data-end=\"4195\" \/>\n<h3 data-start=\"4197\" data-end=\"4227\">5. Limita\u00e7\u00e3o de responsabilidade<\/h3>\n<p data-start=\"4229\" data-end=\"4547\">A Miami Beach Tours and Services ACS LLC n\u00e3o se responsabiliza por qualquer incidente, acidente, dano, perda, roubo ou les\u00e3o que ocorra durante o servi\u00e7o, exceto nos casos em que a responsabilidade recaia diretamente sobre a Miami Beach Tours and Services ACS LLC ou seus funcion\u00e1rios. Isso inclui situa\u00e7\u00f5es fora do nosso controle, tais como:<\/p>\n<ul data-start=\"4549\" data-end=\"4769\">\n<li data-start=\"4549\" data-end=\"4600\">\n<p data-start=\"4551\" data-end=\"4600\">Acidentes ou danos ocorridos durante a viagem.<\/p>\n<\/li>\n<li data-start=\"4601\" data-end=\"4672\">\n<p data-start=\"4603\" data-end=\"4672\">Perdas relacionadas a atividades ou servi\u00e7os prestados por terceiros.<\/p>\n<\/li>\n<li data-start=\"4673\" data-end=\"4769\">\n<p data-start=\"4675\" data-end=\"4769\">Atrasos ou altera\u00e7\u00f5es no itiner\u00e1rio devido a condi\u00e7\u00f5es clim\u00e1ticas, tr\u00e1fego ou a\u00e7\u00f5es de terceiros.<\/p>\n<\/li>\n<\/ul>\n<hr data-start=\"4771\" data-end=\"4774\" \/>\n<h3 data-start=\"4776\" data-end=\"4802\">6. Servi\u00e7os adicionais<\/h3>\n<p data-start=\"4804\" data-end=\"5070\">Servi\u00e7os adicionais, como Meet and Greet, assentos para crian\u00e7as ou outros extras, devem ser solicitados e pagos no momento da reserva. A Miami Beach Tours and Services ACS LLC coordena esses servi\u00e7os, mas n\u00e3o \u00e9 respons\u00e1vel por altera\u00e7\u00f5es ou falhas de fornecedores terceirizados.<\/p>\n<hr data-start=\"5072\" data-end=\"5075\" \/>\n<h3 data-start=\"5077\" data-end=\"5124\">7. Subcontrata\u00e7\u00e3o e fornecedores terceirizados<\/h3>\n<p data-start=\"5126\" data-end=\"5595\">Em alguns casos, a Miami Beach Tours and Services ACS LLC pode subcontratar partes dos servi\u00e7os a fornecedores terceirizados ou contratar ve\u00edculos adicionais para servi\u00e7os particulares. Esses prestadores s\u00e3o diretamente respons\u00e1veis pela presta\u00e7\u00e3o de seus servi\u00e7os e devem cumprir todos os regulamentos aplic\u00e1veis da Fl\u00f3rida em vigor para 2025. A Miami Beach Tours and Services ACS LLC n\u00e3o \u00e9 respons\u00e1vel por servi\u00e7os subcontratados, nem por quaisquer danos, atrasos ou mau funcionamento causados por terceiros.<\/p>\n<p data-start=\"5597\" data-end=\"5993\">Os provedores terceirizados que prestam servi\u00e7os para a Miami Beach Tours and Services ACS LLC incluem, mas n\u00e3o se limitam a, empresas de transporte, guias tur\u00edsticos e provedores de atividades. A Miami Beach Tours and Services ACS LLC garante que esses fornecedores tenham as autoriza\u00e7\u00f5es, licen\u00e7as e seguros necess\u00e1rios de acordo com a legisla\u00e7\u00e3o da Fl\u00f3rida, mas n\u00e3o assume responsabilidade por quaisquer danos causados por suas a\u00e7\u00f5es.<\/p>\n<hr data-start=\"5995\" data-end=\"5998\" \/>\n<h3 data-start=\"6000\" data-end=\"6043\">8. Lei Aplic\u00e1vel e Resolu\u00e7\u00e3o de Disputas<\/h3>\n<p data-start=\"6045\" data-end=\"6241\">Este contrato ser\u00e1 regido e interpretado de acordo com as leis do Estado da Fl\u00f3rida, EUA, e quaisquer disputas ser\u00e3o resolvidas nos tribunais competentes do Condado de Miami-Dade, Fl\u00f3rida.<\/p>\n<hr data-start=\"6243\" data-end=\"6246\" \/>\n<h3 data-start=\"6248\" data-end=\"6275\">9. Privacidade e seguran\u00e7a<\/h3>\n<p data-start=\"6277\" data-end=\"6589\">A Miami Beach Tours and Services ACS LLC tem o compromisso de proteger sua privacidade. Os dados pessoais fornecidos durante o processo de reserva ser\u00e3o usados exclusivamente para gerenciar a reserva e garantir um servi\u00e7o adequado. A Miami Beach Tours and Services ACS LLC n\u00e3o compartilhar\u00e1 ou vender\u00e1 nenhuma informa\u00e7\u00e3o pessoal a terceiros.<\/p>\n<hr data-start=\"6591\" data-end=\"6594\" \/>\n<p data-start=\"6596\" data-end=\"6872\"><strong data-start=\"6596\" data-end=\"6694\">Obrigado por escolher a Miami Beach Tours and Services ACS LLC para seu servi\u00e7o de transporte.<\/strong><br data-start=\"6694\" data-end=\"6697\" \/>N\u00f3s nos esfor\u00e7amos para oferecer a voc\u00ea uma experi\u00eancia de qualidade e garantir que sua viagem seja a mais confort\u00e1vel e segura poss\u00edvel. Se tiver alguma d\u00favida ou preocupa\u00e7\u00e3o, sinta-se \u00e0 vontade para entrar em contato conosco.<\/p>\n<p>Correio eletr\u00f4nico: management@miami- beach.tours<br \/>\nTelefone: +1 (786) 308 0786<br \/>\nMiami Beach, FL.<\/p>","protected":false},"excerpt":{"rendered":"<p>Aqu\u00ed tienes el documento completo y actualizado, con la cl\u00e1usula incorporada correctamente en el punto 2 (Payments and Cancellations) y manteniendo el formato profesional original: Terms and Conditions \u2013 Miami Beach Tours and Services ACS LLCLast Updated: 01\/01\/2025 By using the services of Miami Beach Tours and Services ACS LLC, you agree to the following [&hellip;]<\/p>\n","protected":false},"author":2,"featured_media":0,"parent":0,"menu_order":0,"comment_status":"closed","ping_status":"closed","template":"","meta":{"footnotes":""},"class_list":["post-7767","page","type-page","status-publish","hentry"],"yoast_head":"<!-- This site is optimized with the Yoast SEO plugin v27.5 - https:\/\/yoast.com\/product\/yoast-seo-wordpress\/ -->\n<title>Terms and conditions<\/title>\n<meta name=\"description\" content=\"Terms and conditions\" \/>\n<meta name=\"robots\" content=\"noindex, nofollow\" \/>\n<meta property=\"og:locale\" content=\"pt_BR\" \/>\n<meta property=\"og:type\" content=\"article\" \/>\n<meta property=\"og:title\" content=\"Terms and conditions\" \/>\n<meta property=\"og:description\" content=\"Terms and conditions\" \/>\n<meta property=\"og:url\" content=\"https:\/\/miami-airport-transportation.vip\/pt\/termos-e-condicoes\/\" \/>\n<meta property=\"og:site_name\" content=\"Miami Airport Transportation\" \/>\n<meta property=\"article:publisher\" content=\"https:\/\/www.facebook.com\/miamibeachtoursacs\/\" \/>\n<meta property=\"article:modified_time\" content=\"2025-11-01T01:17:07+00:00\" \/>\n<meta name=\"twitter:card\" content=\"summary_large_image\" \/>\n<script type=\"application\/ld+json\" class=\"yoast-schema-graph\">{\"@context\":\"https:\\\/\\\/schema.org\",\"@graph\":[{\"@type\":\"WebPage\",\"@id\":\"https:\\\/\\\/miami-airport-transportation.vip\\\/pt\\\/terms-and-conditions\\\/\",\"url\":\"https:\\\/\\\/miami-airport-transportation.vip\\\/pt\\\/terms-and-conditions\\\/\",\"name\":\"Terms and conditions\",\"isPartOf\":{\"@id\":\"https:\\\/\\\/miami-airport-transportation.vip\\\/#website\"},\"datePublished\":\"2021-04-07T21:35:50+00:00\",\"dateModified\":\"2025-11-01T01:17:07+00:00\",\"description\":\"Terms and conditions\",\"breadcrumb\":{\"@id\":\"https:\\\/\\\/miami-airport-transportation.vip\\\/pt\\\/terms-and-conditions\\\/#breadcrumb\"},\"inLanguage\":\"pt-BR\",\"potentialAction\":[{\"@type\":\"ReadAction\",\"target\":[\"https:\\\/\\\/miami-airport-transportation.vip\\\/pt\\\/terms-and-conditions\\\/\"]}]},{\"@type\":\"BreadcrumbList\",\"@id\":\"https:\\\/\\\/miami-airport-transportation.vip\\\/pt\\\/terms-and-conditions\\\/#breadcrumb\",\"itemListElement\":[{\"@type\":\"ListItem\",\"position\":1,\"name\":\"Portada\",\"item\":\"https:\\\/\\\/miami-airport-transportation.vip\\\/\"},{\"@type\":\"ListItem\",\"position\":2,\"name\":\"Terms and conditions\"}]},{\"@type\":\"WebSite\",\"@id\":\"https:\\\/\\\/miami-airport-transportation.vip\\\/#website\",\"url\":\"https:\\\/\\\/miami-airport-transportation.vip\\\/\",\"name\":\"Miami Airport Private Transportation\",\"description\":\"Miami Airport Transfer\",\"publisher\":{\"@id\":\"https:\\\/\\\/miami-airport-transportation.vip\\\/#organization\"},\"potentialAction\":[{\"@type\":\"SearchAction\",\"target\":{\"@type\":\"EntryPoint\",\"urlTemplate\":\"https:\\\/\\\/miami-airport-transportation.vip\\\/?s={search_term_string}\"},\"query-input\":{\"@type\":\"PropertyValueSpecification\",\"valueRequired\":true,\"valueName\":\"search_term_string\"}}],\"inLanguage\":\"pt-BR\"},{\"@type\":\"Organization\",\"@id\":\"https:\\\/\\\/miami-airport-transportation.vip\\\/#organization\",\"name\":\"Golden Ride Miami\",\"url\":\"https:\\\/\\\/miami-airport-transportation.vip\\\/\",\"logo\":{\"@type\":\"ImageObject\",\"inLanguage\":\"pt-BR\",\"@id\":\"https:\\\/\\\/miami-airport-transportation.vip\\\/#\\\/schema\\\/logo\\\/image\\\/\",\"url\":\"https:\\\/\\\/miami-airport-transportation.vip\\\/wp-content\\\/uploads\\\/2025\\\/09\\\/Golden-Ride-Miami-Logo.jpg\",\"contentUrl\":\"https:\\\/\\\/miami-airport-transportation.vip\\\/wp-content\\\/uploads\\\/2025\\\/09\\\/Golden-Ride-Miami-Logo.jpg\",\"width\":506,\"height\":504,\"caption\":\"Golden Ride Miami\"},\"image\":{\"@id\":\"https:\\\/\\\/miami-airport-transportation.vip\\\/#\\\/schema\\\/logo\\\/image\\\/\"},\"sameAs\":[\"https:\\\/\\\/www.facebook.com\\\/miamibeachtoursacs\\\/\",\"https:\\\/\\\/www.instagram.com\\\/miamibeachtoursacs\"]}]}<\/script>\n<!-- \/ Yoast SEO plugin. -->","yoast_head_json":{"title":"Termos e condi\u00e7\u00f5es","description":"Termos e condi\u00e7\u00f5es","robots":{"index":"noindex","follow":"nofollow"},"og_locale":"pt_BR","og_type":"article","og_title":"Terms and conditions","og_description":"Terms and conditions","og_url":"https:\/\/miami-airport-transportation.vip\/pt\/termos-e-condicoes\/","og_site_name":"Miami Airport Transportation","article_publisher":"https:\/\/www.facebook.com\/miamibeachtoursacs\/","article_modified_time":"2025-11-01T01:17:07+00:00","twitter_card":"summary_large_image","schema":{"@context":"https:\/\/schema.org","@graph":[{"@type":"WebPage","@id":"https:\/\/miami-airport-transportation.vip\/pt\/terms-and-conditions\/","url":"https:\/\/miami-airport-transportation.vip\/pt\/terms-and-conditions\/","name":"Termos e condi\u00e7\u00f5es","isPartOf":{"@id":"https:\/\/miami-airport-transportation.vip\/#website"},"datePublished":"2021-04-07T21:35:50+00:00","dateModified":"2025-11-01T01:17:07+00:00","description":"Termos e condi\u00e7\u00f5es","breadcrumb":{"@id":"https:\/\/miami-airport-transportation.vip\/pt\/terms-and-conditions\/#breadcrumb"},"inLanguage":"pt-BR","potentialAction":[{"@type":"ReadAction","target":["https:\/\/miami-airport-transportation.vip\/pt\/terms-and-conditions\/"]}]},{"@type":"BreadcrumbList","@id":"https:\/\/miami-airport-transportation.vip\/pt\/terms-and-conditions\/#breadcrumb","itemListElement":[{"@type":"ListItem","position":1,"name":"Portada","item":"https:\/\/miami-airport-transportation.vip\/"},{"@type":"ListItem","position":2,"name":"Terms and conditions"}]},{"@type":"WebSite","@id":"https:\/\/miami-airport-transportation.vip\/#website","url":"https:\/\/miami-airport-transportation.vip\/","name":"Transporte particular no aeroporto de Miami","description":"Traslado do aeroporto de Miami","publisher":{"@id":"https:\/\/miami-airport-transportation.vip\/#organization"},"potentialAction":[{"@type":"SearchAction","target":{"@type":"EntryPoint","urlTemplate":"https:\/\/miami-airport-transportation.vip\/?s={search_term_string}"},"query-input":{"@type":"PropertyValueSpecification","valueRequired":true,"valueName":"search_term_string"}}],"inLanguage":"pt-BR"},{"@type":"Organization","@id":"https:\/\/miami-airport-transportation.vip\/#organization","name":"Golden Ride Miami","url":"https:\/\/miami-airport-transportation.vip\/","logo":{"@type":"ImageObject","inLanguage":"pt-BR","@id":"https:\/\/miami-airport-transportation.vip\/#\/schema\/logo\/image\/","url":"https:\/\/miami-airport-transportation.vip\/wp-content\/uploads\/2025\/09\/Golden-Ride-Miami-Logo.jpg","contentUrl":"https:\/\/miami-airport-transportation.vip\/wp-content\/uploads\/2025\/09\/Golden-Ride-Miami-Logo.jpg","width":506,"height":504,"caption":"Golden Ride Miami"},"image":{"@id":"https:\/\/miami-airport-transportation.vip\/#\/schema\/logo\/image\/"},"sameAs":["https:\/\/www.facebook.com\/miamibeachtoursacs\/","https:\/\/www.instagram.com\/miamibeachtoursacs"]}]}},"_links":{"self":[{"href":"http:\/\/miami-airport-transportation.vip\/pt\/wp-json\/wp\/v2\/pages\/7767","targetHints":{"allow":["GET"]}}],"collection":[{"href":"http:\/\/miami-airport-transportation.vip\/pt\/wp-json\/wp\/v2\/pages"}],"about":[{"href":"http:\/\/miami-airport-transportation.vip\/pt\/wp-json\/wp\/v2\/types\/page"}],"author":[{"embeddable":true,"href":"http:\/\/miami-airport-transportation.vip\/pt\/wp-json\/wp\/v2\/users\/2"}],"replies":[{"embeddable":true,"href":"http:\/\/miami-airport-transportation.vip\/pt\/wp-json\/wp\/v2\/comments?post=7767"}],"version-history":[{"count":7,"href":"http:\/\/miami-airport-transportation.vip\/pt\/wp-json\/wp\/v2\/pages\/7767\/revisions"}],"predecessor-version":[{"id":12063,"href":"http:\/\/miami-airport-transportation.vip\/pt\/wp-json\/wp\/v2\/pages\/7767\/revisions\/12063"}],"wp:attachment":[{"href":"http:\/\/miami-airport-transportation.vip\/pt\/wp-json\/wp\/v2\/media?parent=7767"}],"curies":[{"name":"wp","href":"https:\/\/api.w.org\/{rel}","templated":true}]}}