{"id":8254,"date":"2021-05-25T04:15:44","date_gmt":"2021-05-25T04:15:44","guid":{"rendered":"https:\/\/miami-airport-transportation.vip\/homepage-copy\/"},"modified":"2025-09-30T11:16:25","modified_gmt":"2025-09-30T15:16:25","slug":"home","status":"publish","type":"page","link":"https:\/\/miami-airport-transportation.vip\/pt\/","title":{"rendered":"In\u00edcio"},"content":{"rendered":"","protected":false},"excerpt":{"rendered":"","protected":false},"author":1,"featured_media":12951,"parent":0,"menu_order":0,"comment_status":"closed","ping_status":"closed","template":"","meta":{"footnotes":""},"class_list":["post-8254","page","type-page","status-publish","has-post-thumbnail","hentry"],"yoast_head":"<!-- This site is optimized with the Yoast SEO plugin v27.5 - https:\/\/yoast.com\/product\/yoast-seo-wordpress\/ -->\n<title>We provide transportation services in Miami Beach and Miami.<\/title>\n<meta name=\"description\" content=\"Punctuality, respect, and excellent manners. That&#039;s what we offer. Our fleet is modern, and we work with SUVs and minivans, Get your quote...\" \/>\n<meta name=\"robots\" content=\"index, follow, max-snippet:-1, max-image-preview:large, max-video-preview:-1\" \/>\n<link rel=\"canonical\" href=\"https:\/\/miami-airport-transportation.vip\/pt\/\" \/>\n<meta property=\"og:locale\" content=\"pt_BR\" \/>\n<meta property=\"og:type\" content=\"article\" \/>\n<meta property=\"og:title\" content=\"We provide transportation services in Miami Beach and Miami.\" \/>\n<meta property=\"og:description\" content=\"Punctuality, respect, and excellent manners. That&#039;s what we offer. Our fleet is modern, and we work with SUVs and minivans, Get your quote...\" \/>\n<meta property=\"og:url\" content=\"https:\/\/miami-airport-transportation.vip\/pt\/\" \/>\n<meta property=\"og:site_name\" content=\"Miami Airport Transportation\" \/>\n<meta property=\"article:publisher\" content=\"https:\/\/www.facebook.com\/miamibeachtoursacs\/\" \/>\n<meta property=\"article:modified_time\" content=\"2025-09-30T15:16:25+00:00\" \/>\n<meta property=\"og:image\" content=\"https:\/\/miami-airport-transportation.vip\/wp-content\/uploads\/2024\/07\/Car-service-in-Miami.webp\" \/>\n\t<meta property=\"og:image:width\" content=\"1024\" \/>\n\t<meta property=\"og:image:height\" content=\"768\" \/>\n\t<meta property=\"og:image:type\" content=\"image\/webp\" \/>\n<meta name=\"twitter:card\" content=\"summary_large_image\" \/>\n<script type=\"application\/ld+json\" class=\"yoast-schema-graph\">{\"@context\":\"https:\\\/\\\/schema.org\",\"@graph\":[{\"@type\":\"WebPage\",\"@id\":\"https:\\\/\\\/miami-airport-transportation.vip\\\/\",\"url\":\"https:\\\/\\\/miami-airport-transportation.vip\\\/\",\"name\":\"We provide transportation services in Miami Beach and Miami.\",\"isPartOf\":{\"@id\":\"https:\\\/\\\/miami-airport-transportation.vip\\\/#website\"},\"primaryImageOfPage\":{\"@id\":\"https:\\\/\\\/miami-airport-transportation.vip\\\/#primaryimage\"},\"image\":{\"@id\":\"https:\\\/\\\/miami-airport-transportation.vip\\\/#primaryimage\"},\"thumbnailUrl\":\"https:\\\/\\\/miami-airport-transportation.vip\\\/wp-content\\\/uploads\\\/2024\\\/07\\\/Car-service-in-Miami.webp\",\"datePublished\":\"2021-05-25T04:15:44+00:00\",\"dateModified\":\"2025-09-30T15:16:25+00:00\",\"description\":\"Punctuality, respect, and excellent manners. That's what we offer. Our fleet is modern, and we work with SUVs and minivans, Get your quote...\",\"breadcrumb\":{\"@id\":\"https:\\\/\\\/miami-airport-transportation.vip\\\/#breadcrumb\"},\"inLanguage\":\"pt-BR\",\"potentialAction\":[{\"@type\":\"ReadAction\",\"target\":[\"https:\\\/\\\/miami-airport-transportation.vip\\\/\"]}]},{\"@type\":\"ImageObject\",\"inLanguage\":\"pt-BR\",\"@id\":\"https:\\\/\\\/miami-airport-transportation.vip\\\/#primaryimage\",\"url\":\"https:\\\/\\\/miami-airport-transportation.vip\\\/wp-content\\\/uploads\\\/2024\\\/07\\\/Car-service-in-Miami.webp\",\"contentUrl\":\"https:\\\/\\\/miami-airport-transportation.vip\\\/wp-content\\\/uploads\\\/2024\\\/07\\\/Car-service-in-Miami.webp\",\"width\":1024,\"height\":768,\"caption\":\"Car service in Miami\"},{\"@type\":\"BreadcrumbList\",\"@id\":\"https:\\\/\\\/miami-airport-transportation.vip\\\/#breadcrumb\",\"itemListElement\":[{\"@type\":\"ListItem\",\"position\":1,\"name\":\"Portada\",\"item\":\"https:\\\/\\\/miami-airport-transportation.vip\\\/\"},{\"@type\":\"ListItem\",\"position\":2,\"name\":\"Home\"}]},{\"@type\":\"WebSite\",\"@id\":\"https:\\\/\\\/miami-airport-transportation.vip\\\/#website\",\"url\":\"https:\\\/\\\/miami-airport-transportation.vip\\\/\",\"name\":\"Miami Airport Private Transportation\",\"description\":\"Miami Airport Transfer\",\"publisher\":{\"@id\":\"https:\\\/\\\/miami-airport-transportation.vip\\\/#organization\"},\"potentialAction\":[{\"@type\":\"SearchAction\",\"target\":{\"@type\":\"EntryPoint\",\"urlTemplate\":\"https:\\\/\\\/miami-airport-transportation.vip\\\/?s={search_term_string}\"},\"query-input\":{\"@type\":\"PropertyValueSpecification\",\"valueRequired\":true,\"valueName\":\"search_term_string\"}}],\"inLanguage\":\"pt-BR\"},{\"@type\":\"Organization\",\"@id\":\"https:\\\/\\\/miami-airport-transportation.vip\\\/#organization\",\"name\":\"Golden Ride Miami\",\"url\":\"https:\\\/\\\/miami-airport-transportation.vip\\\/\",\"logo\":{\"@type\":\"ImageObject\",\"inLanguage\":\"pt-BR\",\"@id\":\"https:\\\/\\\/miami-airport-transportation.vip\\\/#\\\/schema\\\/logo\\\/image\\\/\",\"url\":\"https:\\\/\\\/miami-airport-transportation.vip\\\/wp-content\\\/uploads\\\/2025\\\/09\\\/Golden-Ride-Miami-Logo.jpg\",\"contentUrl\":\"https:\\\/\\\/miami-airport-transportation.vip\\\/wp-content\\\/uploads\\\/2025\\\/09\\\/Golden-Ride-Miami-Logo.jpg\",\"width\":506,\"height\":504,\"caption\":\"Golden Ride Miami\"},\"image\":{\"@id\":\"https:\\\/\\\/miami-airport-transportation.vip\\\/#\\\/schema\\\/logo\\\/image\\\/\"},\"sameAs\":[\"https:\\\/\\\/www.facebook.com\\\/miamibeachtoursacs\\\/\",\"https:\\\/\\\/www.instagram.com\\\/miamibeachtoursacs\"]}]}<\/script>\n<!-- \/ Yoast SEO plugin. -->","yoast_head_json":{"title":"Oferecemos servi\u00e7os de transporte em Miami Beach e Miami.","description":"Pontualidade, respeito e excelentes maneiras. \u00c9 isso que oferecemos. Nossa frota \u00e9 moderna e trabalhamos com utilit\u00e1rios esportivos e minivans.","robots":{"index":"index","follow":"follow","max-snippet":"max-snippet:-1","max-image-preview":"max-image-preview:large","max-video-preview":"max-video-preview:-1"},"canonical":"https:\/\/miami-airport-transportation.vip\/pt\/","og_locale":"pt_BR","og_type":"article","og_title":"We provide transportation services in Miami Beach and Miami.","og_description":"Punctuality, respect, and excellent manners. That's what we offer. Our fleet is modern, and we work with SUVs and minivans, Get your quote...","og_url":"https:\/\/miami-airport-transportation.vip\/pt\/","og_site_name":"Miami Airport Transportation","article_publisher":"https:\/\/www.facebook.com\/miamibeachtoursacs\/","article_modified_time":"2025-09-30T15:16:25+00:00","og_image":[{"width":1024,"height":768,"url":"https:\/\/miami-airport-transportation.vip\/wp-content\/uploads\/2024\/07\/Car-service-in-Miami.webp","type":"image\/webp"}],"twitter_card":"summary_large_image","schema":{"@context":"https:\/\/schema.org","@graph":[{"@type":"WebPage","@id":"https:\/\/miami-airport-transportation.vip\/","url":"https:\/\/miami-airport-transportation.vip\/","name":"Oferecemos servi\u00e7os de transporte em Miami Beach e Miami.","isPartOf":{"@id":"https:\/\/miami-airport-transportation.vip\/#website"},"primaryImageOfPage":{"@id":"https:\/\/miami-airport-transportation.vip\/#primaryimage"},"image":{"@id":"https:\/\/miami-airport-transportation.vip\/#primaryimage"},"thumbnailUrl":"https:\/\/miami-airport-transportation.vip\/wp-content\/uploads\/2024\/07\/Car-service-in-Miami.webp","datePublished":"2021-05-25T04:15:44+00:00","dateModified":"2025-09-30T15:16:25+00:00","description":"Pontualidade, respeito e excelentes maneiras. \u00c9 isso que oferecemos. Nossa frota \u00e9 moderna e trabalhamos com utilit\u00e1rios esportivos e minivans.","breadcrumb":{"@id":"https:\/\/miami-airport-transportation.vip\/#breadcrumb"},"inLanguage":"pt-BR","potentialAction":[{"@type":"ReadAction","target":["https:\/\/miami-airport-transportation.vip\/"]}]},{"@type":"ImageObject","inLanguage":"pt-BR","@id":"https:\/\/miami-airport-transportation.vip\/#primaryimage","url":"https:\/\/miami-airport-transportation.vip\/wp-content\/uploads\/2024\/07\/Car-service-in-Miami.webp","contentUrl":"https:\/\/miami-airport-transportation.vip\/wp-content\/uploads\/2024\/07\/Car-service-in-Miami.webp","width":1024,"height":768,"caption":"Car service in Miami"},{"@type":"BreadcrumbList","@id":"https:\/\/miami-airport-transportation.vip\/#breadcrumb","itemListElement":[{"@type":"ListItem","position":1,"name":"Portada","item":"https:\/\/miami-airport-transportation.vip\/"},{"@type":"ListItem","position":2,"name":"Home"}]},{"@type":"WebSite","@id":"https:\/\/miami-airport-transportation.vip\/#website","url":"https:\/\/miami-airport-transportation.vip\/","name":"Transporte particular no aeroporto de Miami","description":"Traslado do aeroporto de Miami","publisher":{"@id":"https:\/\/miami-airport-transportation.vip\/#organization"},"potentialAction":[{"@type":"SearchAction","target":{"@type":"EntryPoint","urlTemplate":"https:\/\/miami-airport-transportation.vip\/?s={search_term_string}"},"query-input":{"@type":"PropertyValueSpecification","valueRequired":true,"valueName":"search_term_string"}}],"inLanguage":"pt-BR"},{"@type":"Organization","@id":"https:\/\/miami-airport-transportation.vip\/#organization","name":"Golden Ride Miami","url":"https:\/\/miami-airport-transportation.vip\/","logo":{"@type":"ImageObject","inLanguage":"pt-BR","@id":"https:\/\/miami-airport-transportation.vip\/#\/schema\/logo\/image\/","url":"https:\/\/miami-airport-transportation.vip\/wp-content\/uploads\/2025\/09\/Golden-Ride-Miami-Logo.jpg","contentUrl":"https:\/\/miami-airport-transportation.vip\/wp-content\/uploads\/2025\/09\/Golden-Ride-Miami-Logo.jpg","width":506,"height":504,"caption":"Golden Ride Miami"},"image":{"@id":"https:\/\/miami-airport-transportation.vip\/#\/schema\/logo\/image\/"},"sameAs":["https:\/\/www.facebook.com\/miamibeachtoursacs\/","https:\/\/www.instagram.com\/miamibeachtoursacs"]}]}},"_links":{"self":[{"href":"https:\/\/miami-airport-transportation.vip\/pt\/wp-json\/wp\/v2\/pages\/8254","targetHints":{"allow":["GET"]}}],"collection":[{"href":"https:\/\/miami-airport-transportation.vip\/pt\/wp-json\/wp\/v2\/pages"}],"about":[{"href":"https:\/\/miami-airport-transportation.vip\/pt\/wp-json\/wp\/v2\/types\/page"}],"author":[{"embeddable":true,"href":"https:\/\/miami-airport-transportation.vip\/pt\/wp-json\/wp\/v2\/users\/1"}],"replies":[{"embeddable":true,"href":"https:\/\/miami-airport-transportation.vip\/pt\/wp-json\/wp\/v2\/comments?post=8254"}],"version-history":[{"count":5,"href":"https:\/\/miami-airport-transportation.vip\/pt\/wp-json\/wp\/v2\/pages\/8254\/revisions"}],"predecessor-version":[{"id":14438,"href":"https:\/\/miami-airport-transportation.vip\/pt\/wp-json\/wp\/v2\/pages\/8254\/revisions\/14438"}],"wp:featuredmedia":[{"embeddable":true,"href":"https:\/\/miami-airport-transportation.vip\/pt\/wp-json\/wp\/v2\/media\/12951"}],"wp:attachment":[{"href":"https:\/\/miami-airport-transportation.vip\/pt\/wp-json\/wp\/v2\/media?parent=8254"}],"curies":[{"name":"wp","href":"https:\/\/api.w.org\/{rel}","templated":true}]}}